{"id":17444,"date":"2025-04-15T11:20:07","date_gmt":"2025-04-15T11:20:07","guid":{"rendered":"https:\/\/twentyninestore.com\/?post_type=product&#038;p=17444"},"modified":"2025-04-15T11:22:10","modified_gmt":"2025-04-15T11:22:10","slug":"bibliotheque-creatif-multi-etages","status":"publish","type":"product","link":"https:\/\/twentyninestore.com\/fr_fr\/product\/bibliotheque-creatif-multi-etages\/","title":{"rendered":"Biblioth\u00e8que cr\u00e9atif multi-\u00e9tages"},"content":{"rendered":"<ul>\n<li><strong>moderne: Cette biblioth\u00e8que est con\u00e7ue pour \u00eatre un excellent ajout \u00e0 la collection d\u2019art moderne et \u00e0 l\u2019utilisation. Cette \u00e9tag\u00e8re de rangement en m\u00e9tal de style nordique moderne est parfaite pour les chambres, la salle de bains et les bureaux.<\/strong><\/li>\n<li><strong>dimension : 90*30*15 cm<\/strong><\/li>\n<\/ul>\n","protected":false},"excerpt":{"rendered":"<p>moderne: Cette biblioth\u00e8que est con\u00e7ue pour \u00eatre un excellent ajout \u00e0 la collection d\u2019art moderne et \u00e0 l\u2019utilisation. Cette \u00e9tag\u00e8re de rangement en m\u00e9tal de style nordique moderne est parfaite pour les chambres, la salle de bains et les bureaux. dimension : 90*30*15 cm<\/p>\n","protected":false},"featured_media":17445,"comment_status":"open","ping_status":"closed","template":"","meta":[],"product_brand":[],"product_cat":[1003],"product_tag":[],"class_list":{"0":"post-17444","1":"product","2":"type-product","3":"status-publish","4":"has-post-thumbnail","6":"product_cat-rangement-organisation","8":"first","9":"instock","10":"shipping-taxable","11":"purchasable","12":"product-type-simple","13":"add-to-wishlist-after_add_to_cart"},"_links":{"self":[{"href":"https:\/\/twentyninestore.com\/fr_fr\/wp-json\/wp\/v2\/product\/17444","targetHints":{"allow":["GET"]}}],"collection":[{"href":"https:\/\/twentyninestore.com\/fr_fr\/wp-json\/wp\/v2\/product"}],"about":[{"href":"https:\/\/twentyninestore.com\/fr_fr\/wp-json\/wp\/v2\/types\/product"}],"replies":[{"embeddable":true,"href":"https:\/\/twentyninestore.com\/fr_fr\/wp-json\/wp\/v2\/comments?post=17444"}],"version-history":[{"count":1,"href":"https:\/\/twentyninestore.com\/fr_fr\/wp-json\/wp\/v2\/product\/17444\/revisions"}],"predecessor-version":[{"id":17449,"href":"https:\/\/twentyninestore.com\/fr_fr\/wp-json\/wp\/v2\/product\/17444\/revisions\/17449"}],"wp:featuredmedia":[{"embeddable":true,"href":"https:\/\/twentyninestore.com\/fr_fr\/wp-json\/wp\/v2\/media\/17445"}],"wp:attachment":[{"href":"https:\/\/twentyninestore.com\/fr_fr\/wp-json\/wp\/v2\/media?parent=17444"}],"wp:term":[{"taxonomy":"product_brand","embeddable":true,"href":"https:\/\/twentyninestore.com\/fr_fr\/wp-json\/wp\/v2\/product_brand?post=17444"},{"taxonomy":"product_cat","embeddable":true,"href":"https:\/\/twentyninestore.com\/fr_fr\/wp-json\/wp\/v2\/product_cat?post=17444"},{"taxonomy":"product_tag","embeddable":true,"href":"https:\/\/twentyninestore.com\/fr_fr\/wp-json\/wp\/v2\/product_tag?post=17444"}],"curies":[{"name":"wp","href":"https:\/\/api.w.org\/{rel}","templated":true}]}}