{"id":17450,"date":"2025-04-15T11:26:01","date_gmt":"2025-04-15T11:26:01","guid":{"rendered":"https:\/\/twentyninestore.com\/?post_type=product&#038;p=17450"},"modified":"2025-04-15T11:26:17","modified_gmt":"2025-04-15T11:26:17","slug":"etagere-murale-avec-7-compartiments","status":"publish","type":"product","link":"https:\/\/twentyninestore.com\/fr_fr\/product\/etagere-murale-avec-7-compartiments\/","title":{"rendered":"\u00c9tag\u00e8re murale avec 7 compartiments"},"content":{"rendered":"<ul>\n<li>Optimisez votre espace avec notre \u00e9l\u00e9ment de rangement astucieux, con\u00e7u pour combiner fonctionnalit\u00e9 et esth\u00e9tique, offrant ainsi une solution de stockage pratique et \u00e9l\u00e9gante qui r\u00e9pond aux besoins de votre foyer. D\u00e9couvrez comment notre produit peut simplifier votre quotidien tout en ajoutant une touche de style \u00e0 votre int\u00e9rieur, gr\u00e2ce \u00e0 notre approche marketing centr\u00e9e sur la praticit\u00e9 et l\u2019esth\u00e9tique.<\/li>\n<\/ul>\n","protected":false},"excerpt":{"rendered":"<p>Optimisez votre espace avec notre \u00e9l\u00e9ment de rangement astucieux, con\u00e7u pour combiner fonctionnalit\u00e9 et esth\u00e9tique, offrant ainsi une solution de stockage pratique et \u00e9l\u00e9gante qui r\u00e9pond aux besoins de votre foyer. D\u00e9couvrez comment notre produit peut simplifier votre quotidien tout en ajoutant une touche de style \u00e0 votre int\u00e9rieur, gr\u00e2ce \u00e0 notre approche marketing centr\u00e9e [&hellip;]<\/p>\n","protected":false},"featured_media":17454,"comment_status":"open","ping_status":"closed","template":"","meta":[],"product_brand":[],"product_cat":[1003],"product_tag":[],"class_list":{"0":"post-17450","1":"product","2":"type-product","3":"status-publish","4":"has-post-thumbnail","6":"product_cat-rangement-organisation","8":"first","9":"instock","10":"shipping-taxable","11":"purchasable","12":"product-type-simple","13":"add-to-wishlist-after_add_to_cart"},"_links":{"self":[{"href":"https:\/\/twentyninestore.com\/fr_fr\/wp-json\/wp\/v2\/product\/17450","targetHints":{"allow":["GET"]}}],"collection":[{"href":"https:\/\/twentyninestore.com\/fr_fr\/wp-json\/wp\/v2\/product"}],"about":[{"href":"https:\/\/twentyninestore.com\/fr_fr\/wp-json\/wp\/v2\/types\/product"}],"replies":[{"embeddable":true,"href":"https:\/\/twentyninestore.com\/fr_fr\/wp-json\/wp\/v2\/comments?post=17450"}],"version-history":[{"count":1,"href":"https:\/\/twentyninestore.com\/fr_fr\/wp-json\/wp\/v2\/product\/17450\/revisions"}],"predecessor-version":[{"id":17455,"href":"https:\/\/twentyninestore.com\/fr_fr\/wp-json\/wp\/v2\/product\/17450\/revisions\/17455"}],"wp:featuredmedia":[{"embeddable":true,"href":"https:\/\/twentyninestore.com\/fr_fr\/wp-json\/wp\/v2\/media\/17454"}],"wp:attachment":[{"href":"https:\/\/twentyninestore.com\/fr_fr\/wp-json\/wp\/v2\/media?parent=17450"}],"wp:term":[{"taxonomy":"product_brand","embeddable":true,"href":"https:\/\/twentyninestore.com\/fr_fr\/wp-json\/wp\/v2\/product_brand?post=17450"},{"taxonomy":"product_cat","embeddable":true,"href":"https:\/\/twentyninestore.com\/fr_fr\/wp-json\/wp\/v2\/product_cat?post=17450"},{"taxonomy":"product_tag","embeddable":true,"href":"https:\/\/twentyninestore.com\/fr_fr\/wp-json\/wp\/v2\/product_tag?post=17450"}],"curies":[{"name":"wp","href":"https:\/\/api.w.org\/{rel}","templated":true}]}}