{"id":17462,"date":"2025-04-15T11:33:22","date_gmt":"2025-04-15T11:33:22","guid":{"rendered":"https:\/\/twentyninestore.com\/?post_type=product&#038;p=17462"},"modified":"2025-04-15T11:33:34","modified_gmt":"2025-04-15T11:33:34","slug":"armoire-de-salle-de-bain-avec-miroir-et-etageres-model-3","status":"publish","type":"product","link":"https:\/\/twentyninestore.com\/fr_fr\/product\/armoire-de-salle-de-bain-avec-miroir-et-etageres-model-3\/","title":{"rendered":"Armoire de Salle de Bain avec Miroir et \u00e9tag\u00e8res model 3"},"content":{"rendered":"<ul>\n<li><em>Armoire de salle de bain avec miroir et \u00e9tag\u00e8res .<\/em><\/li>\n<li><em>Dimensions :\u00a0<\/em>\u00a060L x 18l x 50H cm<\/li>\n<li><em>Miroir r\u00e9fl\u00e9chissant naturel et cristallin\u00a0<\/em><\/li>\n<li><em>Poign\u00e9e en aluminium, montage mural avec crochets invisibles et r\u00e9glables.<\/em><\/li>\n<li><em>Charni\u00e8res amorties, fermeture de porte ais\u00e9e et silencieuse.<\/em><\/li>\n<\/ul>\n","protected":false},"excerpt":{"rendered":"<p>Armoire de salle de bain avec miroir et \u00e9tag\u00e8res . Dimensions :\u00a0\u00a060L x 18l x 50H cm Miroir r\u00e9fl\u00e9chissant naturel et cristallin\u00a0 Poign\u00e9e en aluminium, montage mural avec crochets invisibles et r\u00e9glables. Charni\u00e8res amorties, fermeture de porte ais\u00e9e et silencieuse.<\/p>\n","protected":false},"featured_media":17464,"comment_status":"open","ping_status":"closed","template":"","meta":[],"product_brand":[],"product_cat":[1003],"product_tag":[],"class_list":{"0":"post-17462","1":"product","2":"type-product","3":"status-publish","4":"has-post-thumbnail","6":"product_cat-rangement-organisation","8":"first","9":"instock","10":"shipping-taxable","11":"purchasable","12":"product-type-simple","13":"add-to-wishlist-after_add_to_cart"},"_links":{"self":[{"href":"https:\/\/twentyninestore.com\/fr_fr\/wp-json\/wp\/v2\/product\/17462","targetHints":{"allow":["GET"]}}],"collection":[{"href":"https:\/\/twentyninestore.com\/fr_fr\/wp-json\/wp\/v2\/product"}],"about":[{"href":"https:\/\/twentyninestore.com\/fr_fr\/wp-json\/wp\/v2\/types\/product"}],"replies":[{"embeddable":true,"href":"https:\/\/twentyninestore.com\/fr_fr\/wp-json\/wp\/v2\/comments?post=17462"}],"version-history":[{"count":1,"href":"https:\/\/twentyninestore.com\/fr_fr\/wp-json\/wp\/v2\/product\/17462\/revisions"}],"predecessor-version":[{"id":17468,"href":"https:\/\/twentyninestore.com\/fr_fr\/wp-json\/wp\/v2\/product\/17462\/revisions\/17468"}],"wp:featuredmedia":[{"embeddable":true,"href":"https:\/\/twentyninestore.com\/fr_fr\/wp-json\/wp\/v2\/media\/17464"}],"wp:attachment":[{"href":"https:\/\/twentyninestore.com\/fr_fr\/wp-json\/wp\/v2\/media?parent=17462"}],"wp:term":[{"taxonomy":"product_brand","embeddable":true,"href":"https:\/\/twentyninestore.com\/fr_fr\/wp-json\/wp\/v2\/product_brand?post=17462"},{"taxonomy":"product_cat","embeddable":true,"href":"https:\/\/twentyninestore.com\/fr_fr\/wp-json\/wp\/v2\/product_cat?post=17462"},{"taxonomy":"product_tag","embeddable":true,"href":"https:\/\/twentyninestore.com\/fr_fr\/wp-json\/wp\/v2\/product_tag?post=17462"}],"curies":[{"name":"wp","href":"https:\/\/api.w.org\/{rel}","templated":true}]}}