{"id":17478,"date":"2025-04-15T11:43:06","date_gmt":"2025-04-15T11:43:06","guid":{"rendered":"https:\/\/twentyninestore.com\/?post_type=product&#038;p=17478"},"modified":"2025-04-15T11:43:44","modified_gmt":"2025-04-15T11:43:44","slug":"porte-serviette-sol","status":"publish","type":"product","link":"https:\/\/twentyninestore.com\/fr_fr\/product\/porte-serviette-sol\/","title":{"rendered":"Porte serviette sol"},"content":{"rendered":"<p>Les porte-serviettes sont des accessoires de salle de bain indispensables pour garder vos serviettes \u00e0 port\u00e9e de main tout en les organisant de mani\u00e8re \u00e9l\u00e9gante. nous proposons une porte-serviette de qualit\u00e9 sup\u00e9rieure pour r\u00e9pondre \u00e0 tous vos besoins.<\/p>\n<p><strong>moderne\u00a0<\/strong>et<strong>\u00a0FACILE \u00c0 ASSEMBLER et \u00e0 installer,<\/strong><\/p>\n<p><strong>Dimensions : 55*45*40*35<\/strong><\/p>\n","protected":false},"excerpt":{"rendered":"<p>Les porte-serviettes sont des accessoires de salle de bain indispensables pour garder vos serviettes \u00e0 port\u00e9e de main tout en les organisant de mani\u00e8re \u00e9l\u00e9gante. nous proposons une porte-serviette de qualit\u00e9 sup\u00e9rieure pour r\u00e9pondre \u00e0 tous vos besoins. moderne\u00a0et\u00a0FACILE \u00c0 ASSEMBLER et \u00e0 installer, Dimensions : 55*45*40*35<\/p>\n","protected":false},"featured_media":17483,"comment_status":"open","ping_status":"closed","template":"","meta":[],"product_brand":[],"product_cat":[1003],"product_tag":[],"class_list":{"0":"post-17478","1":"product","2":"type-product","3":"status-publish","4":"has-post-thumbnail","6":"product_cat-rangement-organisation","8":"first","9":"instock","10":"shipping-taxable","11":"purchasable","12":"product-type-simple","13":"add-to-wishlist-after_add_to_cart"},"_links":{"self":[{"href":"https:\/\/twentyninestore.com\/fr_fr\/wp-json\/wp\/v2\/product\/17478","targetHints":{"allow":["GET"]}}],"collection":[{"href":"https:\/\/twentyninestore.com\/fr_fr\/wp-json\/wp\/v2\/product"}],"about":[{"href":"https:\/\/twentyninestore.com\/fr_fr\/wp-json\/wp\/v2\/types\/product"}],"replies":[{"embeddable":true,"href":"https:\/\/twentyninestore.com\/fr_fr\/wp-json\/wp\/v2\/comments?post=17478"}],"version-history":[{"count":1,"href":"https:\/\/twentyninestore.com\/fr_fr\/wp-json\/wp\/v2\/product\/17478\/revisions"}],"predecessor-version":[{"id":17484,"href":"https:\/\/twentyninestore.com\/fr_fr\/wp-json\/wp\/v2\/product\/17478\/revisions\/17484"}],"wp:featuredmedia":[{"embeddable":true,"href":"https:\/\/twentyninestore.com\/fr_fr\/wp-json\/wp\/v2\/media\/17483"}],"wp:attachment":[{"href":"https:\/\/twentyninestore.com\/fr_fr\/wp-json\/wp\/v2\/media?parent=17478"}],"wp:term":[{"taxonomy":"product_brand","embeddable":true,"href":"https:\/\/twentyninestore.com\/fr_fr\/wp-json\/wp\/v2\/product_brand?post=17478"},{"taxonomy":"product_cat","embeddable":true,"href":"https:\/\/twentyninestore.com\/fr_fr\/wp-json\/wp\/v2\/product_cat?post=17478"},{"taxonomy":"product_tag","embeddable":true,"href":"https:\/\/twentyninestore.com\/fr_fr\/wp-json\/wp\/v2\/product_tag?post=17478"}],"curies":[{"name":"wp","href":"https:\/\/api.w.org\/{rel}","templated":true}]}}