{"id":17485,"date":"2025-04-15T11:48:01","date_gmt":"2025-04-15T11:48:01","guid":{"rendered":"https:\/\/twentyninestore.com\/?post_type=product&#038;p=17485"},"modified":"2025-04-16T11:14:27","modified_gmt":"2025-04-16T11:14:27","slug":"table-basse-tripode-en-bois","status":"publish","type":"product","link":"https:\/\/twentyninestore.com\/fr_fr\/product\/table-basse-tripode-en-bois\/","title":{"rendered":"Table basse tripode en bois"},"content":{"rendered":"<p>Id\u00e9ale pour un salon, une chambre ou un coin d\u00e9tente, cette table s&rsquo;int\u00e8gre parfaitement dans une d\u00e9coration boh\u00e8me, minimaliste ou rustique. Son bois naturel apporte du caract\u00e8re et de la chaleur \u00e0 l\u2019espace, tout en offrant une surface robuste et stable pour poser vos objets d\u00e9coratifs, livres ou boissons.<\/p>\n","protected":false},"excerpt":{"rendered":"<p>Id\u00e9ale pour un salon, une chambre ou un coin d\u00e9tente, cette table s&rsquo;int\u00e8gre parfaitement dans une d\u00e9coration boh\u00e8me, minimaliste ou rustique. Son bois naturel apporte du caract\u00e8re et de la chaleur \u00e0 l\u2019espace, tout en offrant une surface robuste et stable pour poser vos objets d\u00e9coratifs, livres ou boissons.<\/p>\n","protected":false},"featured_media":17610,"comment_status":"open","ping_status":"closed","template":"","meta":[],"product_brand":[],"product_cat":[998],"product_tag":[],"class_list":{"0":"post-17485","1":"product","2":"type-product","3":"status-publish","4":"has-post-thumbnail","6":"product_cat-decoration","8":"first","9":"instock","10":"shipping-taxable","11":"purchasable","12":"product-type-simple","13":"add-to-wishlist-after_add_to_cart"},"_links":{"self":[{"href":"https:\/\/twentyninestore.com\/fr_fr\/wp-json\/wp\/v2\/product\/17485","targetHints":{"allow":["GET"]}}],"collection":[{"href":"https:\/\/twentyninestore.com\/fr_fr\/wp-json\/wp\/v2\/product"}],"about":[{"href":"https:\/\/twentyninestore.com\/fr_fr\/wp-json\/wp\/v2\/types\/product"}],"replies":[{"embeddable":true,"href":"https:\/\/twentyninestore.com\/fr_fr\/wp-json\/wp\/v2\/comments?post=17485"}],"version-history":[{"count":1,"href":"https:\/\/twentyninestore.com\/fr_fr\/wp-json\/wp\/v2\/product\/17485\/revisions"}],"predecessor-version":[{"id":17489,"href":"https:\/\/twentyninestore.com\/fr_fr\/wp-json\/wp\/v2\/product\/17485\/revisions\/17489"}],"wp:featuredmedia":[{"embeddable":true,"href":"https:\/\/twentyninestore.com\/fr_fr\/wp-json\/wp\/v2\/media\/17610"}],"wp:attachment":[{"href":"https:\/\/twentyninestore.com\/fr_fr\/wp-json\/wp\/v2\/media?parent=17485"}],"wp:term":[{"taxonomy":"product_brand","embeddable":true,"href":"https:\/\/twentyninestore.com\/fr_fr\/wp-json\/wp\/v2\/product_brand?post=17485"},{"taxonomy":"product_cat","embeddable":true,"href":"https:\/\/twentyninestore.com\/fr_fr\/wp-json\/wp\/v2\/product_cat?post=17485"},{"taxonomy":"product_tag","embeddable":true,"href":"https:\/\/twentyninestore.com\/fr_fr\/wp-json\/wp\/v2\/product_tag?post=17485"}],"curies":[{"name":"wp","href":"https:\/\/api.w.org\/{rel}","templated":true}]}}