{"id":17507,"date":"2025-04-15T12:08:56","date_gmt":"2025-04-15T12:08:56","guid":{"rendered":"https:\/\/twentyninestore.com\/?post_type=product&#038;p=17507"},"modified":"2025-04-15T12:09:01","modified_gmt":"2025-04-15T12:09:01","slug":"la-table-canape-cleverslide","status":"publish","type":"product","link":"https:\/\/twentyninestore.com\/fr_fr\/product\/la-table-canape-cleverslide\/","title":{"rendered":"La Table Canap\u00e9 \u201cCleverSlide\u201d"},"content":{"rendered":"<ul>\n<li>D\u00e9couvrez \u201cCleverSlide\u201d, la table canap\u00e9 en forme de \u201cC\u201d con\u00e7ue pour am\u00e9liorer votre exp\u00e9rience de vie quotidienne avec style et sophistication. Que ce soit pour soutenir votre caf\u00e9 matinal, votre ordinateur portable, ou vos livres favoris, \u201cCleverSlide\u201d se positionne comme l\u2019accessoire incontournable pour votre salon ou espace de d\u00e9tente.<\/li>\n<\/ul>\n","protected":false},"excerpt":{"rendered":"<p>D\u00e9couvrez \u201cCleverSlide\u201d, la table canap\u00e9 en forme de \u201cC\u201d con\u00e7ue pour am\u00e9liorer votre exp\u00e9rience de vie quotidienne avec style et sophistication. Que ce soit pour soutenir votre caf\u00e9 matinal, votre ordinateur portable, ou vos livres favoris, \u201cCleverSlide\u201d se positionne comme l\u2019accessoire incontournable pour votre salon ou espace de d\u00e9tente.<\/p>\n","protected":false},"featured_media":17509,"comment_status":"open","ping_status":"closed","template":"","meta":[],"product_brand":[],"product_cat":[998],"product_tag":[],"class_list":{"0":"post-17507","1":"product","2":"type-product","3":"status-publish","4":"has-post-thumbnail","6":"product_cat-decoration","8":"first","9":"instock","10":"shipping-taxable","11":"purchasable","12":"product-type-simple","13":"add-to-wishlist-after_add_to_cart"},"_links":{"self":[{"href":"https:\/\/twentyninestore.com\/fr_fr\/wp-json\/wp\/v2\/product\/17507","targetHints":{"allow":["GET"]}}],"collection":[{"href":"https:\/\/twentyninestore.com\/fr_fr\/wp-json\/wp\/v2\/product"}],"about":[{"href":"https:\/\/twentyninestore.com\/fr_fr\/wp-json\/wp\/v2\/types\/product"}],"replies":[{"embeddable":true,"href":"https:\/\/twentyninestore.com\/fr_fr\/wp-json\/wp\/v2\/comments?post=17507"}],"version-history":[{"count":1,"href":"https:\/\/twentyninestore.com\/fr_fr\/wp-json\/wp\/v2\/product\/17507\/revisions"}],"predecessor-version":[{"id":17510,"href":"https:\/\/twentyninestore.com\/fr_fr\/wp-json\/wp\/v2\/product\/17507\/revisions\/17510"}],"wp:featuredmedia":[{"embeddable":true,"href":"https:\/\/twentyninestore.com\/fr_fr\/wp-json\/wp\/v2\/media\/17509"}],"wp:attachment":[{"href":"https:\/\/twentyninestore.com\/fr_fr\/wp-json\/wp\/v2\/media?parent=17507"}],"wp:term":[{"taxonomy":"product_brand","embeddable":true,"href":"https:\/\/twentyninestore.com\/fr_fr\/wp-json\/wp\/v2\/product_brand?post=17507"},{"taxonomy":"product_cat","embeddable":true,"href":"https:\/\/twentyninestore.com\/fr_fr\/wp-json\/wp\/v2\/product_cat?post=17507"},{"taxonomy":"product_tag","embeddable":true,"href":"https:\/\/twentyninestore.com\/fr_fr\/wp-json\/wp\/v2\/product_tag?post=17507"}],"curies":[{"name":"wp","href":"https:\/\/api.w.org\/{rel}","templated":true}]}}