{"id":17511,"date":"2025-04-15T12:11:11","date_gmt":"2025-04-15T12:11:11","guid":{"rendered":"https:\/\/twentyninestore.com\/?post_type=product&#038;p=17511"},"modified":"2025-04-15T12:11:30","modified_gmt":"2025-04-15T12:11:30","slug":"mini-diffuseur-darome-de-chat","status":"publish","type":"product","link":"https:\/\/twentyninestore.com\/fr_fr\/product\/mini-diffuseur-darome-de-chat\/","title":{"rendered":"Mini diffuseur d\u2019ar\u00f4me de Chat"},"content":{"rendered":"<p>Taille: 97x69x142mm<\/p>\n<p>Poids : 120 g<\/p>\n<p>Tension nominale : 5 V \u2013 1 A<\/p>\n<p>Volume du r\u00e9servoir d\u2019eau : 200 ml<\/p>\n<p>le diffuseur d\u2019ar\u00f4mes est con\u00e7u avec une veilleuse, une veilleuse de gu\u00e9rison chaude, afin que vous puissiez profiter d\u2019un bon sommeil.<\/p>\n<p>Deux modes :\u00a0il existe deux modes r\u00e9glables, pulv\u00e9risation continue et pulv\u00e9risation intermittente, op\u00e9ration simple.<\/p>\n<p>Faible bruit :\u00a0le son de l\u2019humidificateur ne doit pas d\u00e9passer 30 d\u00e9cibels, ce qui ne perturbe pas le travail et le repos.<\/p>\n","protected":false},"excerpt":{"rendered":"<p>Taille: 97x69x142mm Poids : 120 g Tension nominale : 5 V \u2013 1 A Volume du r\u00e9servoir d\u2019eau : 200 ml le diffuseur d\u2019ar\u00f4mes est con\u00e7u avec une veilleuse, une veilleuse de gu\u00e9rison chaude, afin que vous puissiez profiter d\u2019un bon sommeil. Deux modes :\u00a0il existe deux modes r\u00e9glables, pulv\u00e9risation continue et pulv\u00e9risation intermittente, op\u00e9ration [&hellip;]<\/p>\n","protected":false},"featured_media":17514,"comment_status":"open","ping_status":"closed","template":"","meta":[],"product_brand":[],"product_cat":[998],"product_tag":[],"class_list":{"0":"post-17511","1":"product","2":"type-product","3":"status-publish","4":"has-post-thumbnail","6":"product_cat-decoration","8":"first","9":"instock","10":"shipping-taxable","11":"purchasable","12":"product-type-simple","13":"add-to-wishlist-after_add_to_cart"},"_links":{"self":[{"href":"https:\/\/twentyninestore.com\/fr_fr\/wp-json\/wp\/v2\/product\/17511","targetHints":{"allow":["GET"]}}],"collection":[{"href":"https:\/\/twentyninestore.com\/fr_fr\/wp-json\/wp\/v2\/product"}],"about":[{"href":"https:\/\/twentyninestore.com\/fr_fr\/wp-json\/wp\/v2\/types\/product"}],"replies":[{"embeddable":true,"href":"https:\/\/twentyninestore.com\/fr_fr\/wp-json\/wp\/v2\/comments?post=17511"}],"version-history":[{"count":1,"href":"https:\/\/twentyninestore.com\/fr_fr\/wp-json\/wp\/v2\/product\/17511\/revisions"}],"predecessor-version":[{"id":17515,"href":"https:\/\/twentyninestore.com\/fr_fr\/wp-json\/wp\/v2\/product\/17511\/revisions\/17515"}],"wp:featuredmedia":[{"embeddable":true,"href":"https:\/\/twentyninestore.com\/fr_fr\/wp-json\/wp\/v2\/media\/17514"}],"wp:attachment":[{"href":"https:\/\/twentyninestore.com\/fr_fr\/wp-json\/wp\/v2\/media?parent=17511"}],"wp:term":[{"taxonomy":"product_brand","embeddable":true,"href":"https:\/\/twentyninestore.com\/fr_fr\/wp-json\/wp\/v2\/product_brand?post=17511"},{"taxonomy":"product_cat","embeddable":true,"href":"https:\/\/twentyninestore.com\/fr_fr\/wp-json\/wp\/v2\/product_cat?post=17511"},{"taxonomy":"product_tag","embeddable":true,"href":"https:\/\/twentyninestore.com\/fr_fr\/wp-json\/wp\/v2\/product_tag?post=17511"}],"curies":[{"name":"wp","href":"https:\/\/api.w.org\/{rel}","templated":true}]}}