{"id":17522,"date":"2025-04-15T12:17:02","date_gmt":"2025-04-15T12:17:02","guid":{"rendered":"https:\/\/twentyninestore.com\/?post_type=product&#038;p=17522"},"modified":"2025-04-15T12:17:15","modified_gmt":"2025-04-15T12:17:15","slug":"cuque-diffuseur-dhuiles-essentielles-diffuseur-daromatherapie-5-v-1-a-usb-po","status":"publish","type":"product","link":"https:\/\/twentyninestore.com\/fr_fr\/product\/cuque-diffuseur-dhuiles-essentielles-diffuseur-daromatherapie-5-v-1-a-usb-po\/","title":{"rendered":"Cuque Diffuseur d&rsquo;huiles essentielles, diffuseur d&rsquo;aromath\u00e9rapie 5 V 1 A USB Po"},"content":{"rendered":"<ul>\n<li>ce diffuseur d&rsquo;huiles essentielles est ultra silencieux, inf\u00e9rieur \u00e0 35 dB, vous permettant de profiter d&rsquo;un sommeil confortable.<\/li>\n<li>Large application : cet humidificateur de table avec veilleuse LED convient \u00e0 la maison, au bureau et \u00e0 l&rsquo;h\u00f4tel. Choix parfait pour offrir.<\/li>\n<\/ul>\n","protected":false},"excerpt":{"rendered":"<p>ce diffuseur d&rsquo;huiles essentielles est ultra silencieux, inf\u00e9rieur \u00e0 35 dB, vous permettant de profiter d&rsquo;un sommeil confortable. Large application : cet humidificateur de table avec veilleuse LED convient \u00e0 la maison, au bureau et \u00e0 l&rsquo;h\u00f4tel. Choix parfait pour offrir.<\/p>\n","protected":false},"featured_media":17523,"comment_status":"open","ping_status":"closed","template":"","meta":[],"product_brand":[],"product_cat":[998],"product_tag":[],"class_list":{"0":"post-17522","1":"product","2":"type-product","3":"status-publish","4":"has-post-thumbnail","6":"product_cat-decoration","8":"first","9":"instock","10":"shipping-taxable","11":"purchasable","12":"product-type-simple","13":"add-to-wishlist-after_add_to_cart"},"_links":{"self":[{"href":"https:\/\/twentyninestore.com\/fr_fr\/wp-json\/wp\/v2\/product\/17522","targetHints":{"allow":["GET"]}}],"collection":[{"href":"https:\/\/twentyninestore.com\/fr_fr\/wp-json\/wp\/v2\/product"}],"about":[{"href":"https:\/\/twentyninestore.com\/fr_fr\/wp-json\/wp\/v2\/types\/product"}],"replies":[{"embeddable":true,"href":"https:\/\/twentyninestore.com\/fr_fr\/wp-json\/wp\/v2\/comments?post=17522"}],"version-history":[{"count":1,"href":"https:\/\/twentyninestore.com\/fr_fr\/wp-json\/wp\/v2\/product\/17522\/revisions"}],"predecessor-version":[{"id":17526,"href":"https:\/\/twentyninestore.com\/fr_fr\/wp-json\/wp\/v2\/product\/17522\/revisions\/17526"}],"wp:featuredmedia":[{"embeddable":true,"href":"https:\/\/twentyninestore.com\/fr_fr\/wp-json\/wp\/v2\/media\/17523"}],"wp:attachment":[{"href":"https:\/\/twentyninestore.com\/fr_fr\/wp-json\/wp\/v2\/media?parent=17522"}],"wp:term":[{"taxonomy":"product_brand","embeddable":true,"href":"https:\/\/twentyninestore.com\/fr_fr\/wp-json\/wp\/v2\/product_brand?post=17522"},{"taxonomy":"product_cat","embeddable":true,"href":"https:\/\/twentyninestore.com\/fr_fr\/wp-json\/wp\/v2\/product_cat?post=17522"},{"taxonomy":"product_tag","embeddable":true,"href":"https:\/\/twentyninestore.com\/fr_fr\/wp-json\/wp\/v2\/product_tag?post=17522"}],"curies":[{"name":"wp","href":"https:\/\/api.w.org\/{rel}","templated":true}]}}