{"id":17563,"date":"2025-04-16T08:44:11","date_gmt":"2025-04-16T08:44:11","guid":{"rendered":"https:\/\/twentyninestore.com\/?post_type=product&#038;p=17563"},"modified":"2025-04-16T08:44:19","modified_gmt":"2025-04-16T08:44:19","slug":"proyector-nebulosa","status":"publish","type":"product","link":"https:\/\/twentyninestore.com\/fr_fr\/product\/proyector-nebulosa\/","title":{"rendered":"Proyector Nebulosa"},"content":{"rendered":"<p>Produit d&rsquo;importation; Caract\u00e9ristiques pratiques : Notre projecteur nebulosa ara\u00f1a ne vient pas avec une alimentation USB et un banco haute capacit\u00e9 pour plusieurs charges de t\u00e9l\u00e9phone, Moteur silencieux : \u00e9quip\u00e9 d&rsquo;une derni\u00e8re g\u00e9n\u00e9ration, la rotation dynamique du projecteur n\u00e9buleuse spatiale ne perturbera pas votre paix, garantissant une ambiance tranquille. Brillo mejorado: En utilisant un noyau import\u00e9, notre lampe projecteur avec une forme d&rsquo;ara\u00f1a projette une visualisation \u00e0 300% brillante et claire, cr\u00e9ant une ambiance estrellado encantador que prudente. Insigne de projection : Notre projecteur galaxies estrelladas type ara\u00f1a avec un sans coutures et sans hilos ilumina cada n\u00edtidamente, offrant une exp\u00e9rience d&rsquo;observation des \u00e9toiles brillantes et r\u00e9alistes.<\/p>\n","protected":false},"excerpt":{"rendered":"<p>Produit d&rsquo;importation; Caract\u00e9ristiques pratiques : Notre projecteur nebulosa ara\u00f1a ne vient pas avec une alimentation USB et un banco haute capacit\u00e9 pour plusieurs charges de t\u00e9l\u00e9phone, Moteur silencieux : \u00e9quip\u00e9 d&rsquo;une derni\u00e8re g\u00e9n\u00e9ration, la rotation dynamique du projecteur n\u00e9buleuse spatiale ne perturbera pas votre paix, garantissant une ambiance tranquille. Brillo mejorado: En utilisant un noyau [&hellip;]<\/p>\n","protected":false},"featured_media":17564,"comment_status":"open","ping_status":"closed","template":"","meta":[],"product_brand":[],"product_cat":[1030],"product_tag":[],"class_list":{"0":"post-17563","1":"product","2":"type-product","3":"status-publish","4":"has-post-thumbnail","6":"product_cat-jeux-et-jouets","8":"first","9":"instock","10":"shipping-taxable","11":"purchasable","12":"product-type-simple","13":"add-to-wishlist-after_add_to_cart"},"_links":{"self":[{"href":"https:\/\/twentyninestore.com\/fr_fr\/wp-json\/wp\/v2\/product\/17563","targetHints":{"allow":["GET"]}}],"collection":[{"href":"https:\/\/twentyninestore.com\/fr_fr\/wp-json\/wp\/v2\/product"}],"about":[{"href":"https:\/\/twentyninestore.com\/fr_fr\/wp-json\/wp\/v2\/types\/product"}],"replies":[{"embeddable":true,"href":"https:\/\/twentyninestore.com\/fr_fr\/wp-json\/wp\/v2\/comments?post=17563"}],"version-history":[{"count":1,"href":"https:\/\/twentyninestore.com\/fr_fr\/wp-json\/wp\/v2\/product\/17563\/revisions"}],"predecessor-version":[{"id":17568,"href":"https:\/\/twentyninestore.com\/fr_fr\/wp-json\/wp\/v2\/product\/17563\/revisions\/17568"}],"wp:featuredmedia":[{"embeddable":true,"href":"https:\/\/twentyninestore.com\/fr_fr\/wp-json\/wp\/v2\/media\/17564"}],"wp:attachment":[{"href":"https:\/\/twentyninestore.com\/fr_fr\/wp-json\/wp\/v2\/media?parent=17563"}],"wp:term":[{"taxonomy":"product_brand","embeddable":true,"href":"https:\/\/twentyninestore.com\/fr_fr\/wp-json\/wp\/v2\/product_brand?post=17563"},{"taxonomy":"product_cat","embeddable":true,"href":"https:\/\/twentyninestore.com\/fr_fr\/wp-json\/wp\/v2\/product_cat?post=17563"},{"taxonomy":"product_tag","embeddable":true,"href":"https:\/\/twentyninestore.com\/fr_fr\/wp-json\/wp\/v2\/product_tag?post=17563"}],"curies":[{"name":"wp","href":"https:\/\/api.w.org\/{rel}","templated":true}]}}