{"id":17569,"date":"2025-04-16T08:48:17","date_gmt":"2025-04-16T08:48:17","guid":{"rendered":"https:\/\/twentyninestore.com\/?post_type=product&#038;p=17569"},"modified":"2025-04-16T08:48:17","modified_gmt":"2025-04-16T08:48:17","slug":"jeu-de-bulles-a-pousser-rapide-pour-enfants","status":"publish","type":"product","link":"https:\/\/twentyninestore.com\/fr_fr\/product\/jeu-de-bulles-a-pousser-rapide-pour-enfants\/","title":{"rendered":"Jeu de bulles \u00e0 pousser rapide pour enfants"},"content":{"rendered":"<ul>\n<li>\u3010Caract\u00e9ristiques amusantes\u3011: les jouets \u00e0 bulles portables sont plus simples et plus amusants que la plupart des jouets. Avec quatre modes de jeu passionnants, y compris les d\u00e9fis solo et les confrontations multijoueurs, ce jouet portable est parfait pour les joueurs de tous \u00e2ges. Il suffit d&rsquo;installer trois piles AAA (non incluses), de r\u00e9gler le volume \u00e0 votre go\u00fbt et de laisser le jeu commencer, ce qui vous apportera un plaisir sans fin<\/li>\n<li>Excellent design : la console de jeu \u00e0 pousser rapide est fabriqu\u00e9e en silicone de haute qualit\u00e9, les bulles ne sont pas faciles \u00e0 \u00e9clater. Design ergonomique, m\u00eame longue tenue et jeu ne sentira pas mal aux mains. La taille portable permet de profiter facilement du jeu \u00e0 tout moment et n&rsquo;importe o\u00f9. Volume r\u00e9glable pouvant \u00eatre mis en sourdine.<\/li>\n<li>\u3010Utilisation portable\u3011Excellent rapport qualit\u00e9\/prix. Parce qu&rsquo;il peut jouer n&rsquo;importe o\u00f9 et \u00e0 tout moment. Voici plusieurs modes afin qu&rsquo;il puisse le divertir (et d\u00e9branch\u00e9), fonctionne sur ses comp\u00e9tences de m\u00e9moire, pas de Wi-Fi n\u00e9cessaire, il peut l&#8217;emmener dans les rendez-vous, les salles d&rsquo;attente, etc.<\/li>\n<li>Amusant pour les enfants : le jeu de bulles lumineux et amusant attirera les enfants pendant des heures, ce qui permet aux enfants de rester loin des t\u00e9l\u00e9phones et des tablettes, r\u00e9duisant efficacement le temps d&rsquo;\u00e9cran. Maintient les enfants occup\u00e9s et aide \u00e0 am\u00e9liorer la concentration, la m\u00e9moire, la r\u00e9action, la coordination \u0153il-main et la capacit\u00e9 manuelle.<\/li>\n<li>Cadeau parfait : c&rsquo;est le cadeau parfait pour les amis et les enfants, mais aussi pour le divertissement des adultes, les activit\u00e9s familiales essentielles. Excellent petit cadeau pour les anniversaires, P\u00e2ques, Thanksgiving, Halloween. Les petits jouets peuvent \u00eatre transport\u00e9s partout. Venez vivre le plaisir de la comp\u00e9tition ensemble.<\/li>\n<\/ul>\n","protected":false},"excerpt":{"rendered":"<p>\u3010Caract\u00e9ristiques amusantes\u3011: les jouets \u00e0 bulles portables sont plus simples et plus amusants que la plupart des jouets. Avec quatre modes de jeu passionnants, y compris les d\u00e9fis solo et les confrontations multijoueurs, ce jouet portable est parfait pour les joueurs de tous \u00e2ges. Il suffit d&rsquo;installer trois piles AAA (non incluses), de r\u00e9gler le [&hellip;]<\/p>\n","protected":false},"featured_media":17574,"comment_status":"open","ping_status":"closed","template":"","meta":[],"product_brand":[],"product_cat":[1030],"product_tag":[],"class_list":{"0":"post-17569","1":"product","2":"type-product","3":"status-publish","4":"has-post-thumbnail","6":"product_cat-jeux-et-jouets","8":"first","9":"instock","10":"shipping-taxable","11":"purchasable","12":"product-type-simple","13":"add-to-wishlist-after_add_to_cart"},"_links":{"self":[{"href":"https:\/\/twentyninestore.com\/fr_fr\/wp-json\/wp\/v2\/product\/17569","targetHints":{"allow":["GET"]}}],"collection":[{"href":"https:\/\/twentyninestore.com\/fr_fr\/wp-json\/wp\/v2\/product"}],"about":[{"href":"https:\/\/twentyninestore.com\/fr_fr\/wp-json\/wp\/v2\/types\/product"}],"replies":[{"embeddable":true,"href":"https:\/\/twentyninestore.com\/fr_fr\/wp-json\/wp\/v2\/comments?post=17569"}],"version-history":[{"count":1,"href":"https:\/\/twentyninestore.com\/fr_fr\/wp-json\/wp\/v2\/product\/17569\/revisions"}],"predecessor-version":[{"id":17575,"href":"https:\/\/twentyninestore.com\/fr_fr\/wp-json\/wp\/v2\/product\/17569\/revisions\/17575"}],"wp:featuredmedia":[{"embeddable":true,"href":"https:\/\/twentyninestore.com\/fr_fr\/wp-json\/wp\/v2\/media\/17574"}],"wp:attachment":[{"href":"https:\/\/twentyninestore.com\/fr_fr\/wp-json\/wp\/v2\/media?parent=17569"}],"wp:term":[{"taxonomy":"product_brand","embeddable":true,"href":"https:\/\/twentyninestore.com\/fr_fr\/wp-json\/wp\/v2\/product_brand?post=17569"},{"taxonomy":"product_cat","embeddable":true,"href":"https:\/\/twentyninestore.com\/fr_fr\/wp-json\/wp\/v2\/product_cat?post=17569"},{"taxonomy":"product_tag","embeddable":true,"href":"https:\/\/twentyninestore.com\/fr_fr\/wp-json\/wp\/v2\/product_tag?post=17569"}],"curies":[{"name":"wp","href":"https:\/\/api.w.org\/{rel}","templated":true}]}}